{"id":988172,"date":"2026-04-17T11:51:51","date_gmt":"2026-04-17T11:51:51","guid":{"rendered":"https:\/\/conargentina.com.ar\/?page_id=988172"},"modified":"2026-04-17T16:36:03","modified_gmt":"2026-04-17T16:36:03","slug":"exportacion","status":"publish","type":"page","link":"https:\/\/conargentina.com.ar\/?page_id=988172","title":{"rendered":"Exportaci\u00f3n"},"content":{"rendered":"\t\t<div data-elementor-type=\"wp-page\" data-elementor-id=\"988172\" class=\"elementor elementor-988172\" data-elementor-post-type=\"page\">\n\t\t\t\t<div class=\"elementor-element elementor-element-4a98ab8 e-flex e-con-boxed e-con e-child\" data-id=\"4a98ab8\" data-element_type=\"container\" data-e-type=\"container\" data-settings=\"{&quot;background_background&quot;:&quot;classic&quot;}\">\n\t\t\t\t\t<div class=\"e-con-inner\">\n\t\t<div class=\"elementor-element elementor-element-55efd13 e-flex e-con-boxed e-con e-child\" data-id=\"55efd13\" data-element_type=\"container\" data-e-type=\"container\">\n\t\t\t\t\t<div class=\"e-con-inner\">\n\t\t\t\t<div class=\"elementor-element elementor-element-1d65cdd elementor-invisible animated-fast elementor-widget elementor-widget-heading\" data-id=\"1d65cdd\" data-element_type=\"widget\" data-e-type=\"widget\" data-settings=\"{&quot;_animation&quot;:&quot;fadeIn&quot;,&quot;_animation_delay&quot;:0}\" data-widget_type=\"heading.default\">\n\t\t\t\t<div class=\"elementor-widget-container\">\n\t\t\t\t\t<h2 class=\"elementor-heading-title elementor-size-default\">Exportaci\u00f3n<span class=\"color-accent-4\"><\/h2>\t\t\t\t<\/div>\n\t\t\t\t<\/div>\n\t\t\t\t<div class=\"vamtam-has-theme-widget-styles elementor-element elementor-element-e68d012 elementor-widget-tablet__width-inherit elementor-widget elementor-widget-text-editor\" data-id=\"e68d012\" data-element_type=\"widget\" data-e-type=\"widget\" data-widget_type=\"text-editor.default\">\n\t\t\t\t<div class=\"elementor-widget-container\">\n\t\t\t\t\t\t\t\t\t<p>CON ARGENTINA SRL act\u00faa interactivamente con el cliente para cumplir con los tiempos prometidos al exterior, efect\u00faa las reservas de los buques, almacena la mercader\u00eda para ingresarla a los dep\u00f3sitos fiscales, monitorea todo el proceso de permiso de exportaci\u00f3n a efecto de culminar exitosamente las tareas aduaneras, se asegura del embarque del material, monitorea el trayecto desde que sale de Argentina hasta su llegada al pa\u00eds de destino y su posterior entrega al cliente final.<\/p><p>Utilizar los servicios de CON ARGENTINA SRL para las exportaciones, es asegurar las mismas y contar con mayor tiempo para buscar nuevos negocios en el exterior y mejorar las relaciones con sus clientes.<\/p><p>Utilice nuestro servicio Mar\u00edtimo, A\u00e9reo y Terrestre con la mayor seguridad y tranquilidad.<\/p>\t\t\t\t\t\t\t\t<\/div>\n\t\t\t\t<\/div>\n\t\t\t\t\t<\/div>\n\t\t\t\t<\/div>\n\t\t\t\t\t<\/div>\n\t\t\t\t<\/div>\n\t\t\t\t<\/div>\n\t\t","protected":false},"excerpt":{"rendered":"<p>Exportaci\u00f3n CON ARGENTINA SRL act\u00faa interactivamente con el cliente para cumplir con los tiempos prometidos al exterior, efect\u00faa las reservas de los buques, almacena la mercader\u00eda para ingresarla a los dep\u00f3sitos fiscales, monitorea todo el proceso de permiso de exportaci\u00f3n a efecto de culminar exitosamente las tareas aduaneras, se asegura del embarque del material, monitorea&#8230;<\/p>\n","protected":false},"author":1,"featured_media":0,"parent":0,"menu_order":0,"comment_status":"closed","ping_status":"closed","template":"","meta":{"footnotes":""},"class_list":["post-988172","page","type-page","status-publish","hentry"],"_links":{"self":[{"href":"https:\/\/conargentina.com.ar\/index.php?rest_route=\/wp\/v2\/pages\/988172","targetHints":{"allow":["GET"]}}],"collection":[{"href":"https:\/\/conargentina.com.ar\/index.php?rest_route=\/wp\/v2\/pages"}],"about":[{"href":"https:\/\/conargentina.com.ar\/index.php?rest_route=\/wp\/v2\/types\/page"}],"author":[{"embeddable":true,"href":"https:\/\/conargentina.com.ar\/index.php?rest_route=\/wp\/v2\/users\/1"}],"replies":[{"embeddable":true,"href":"https:\/\/conargentina.com.ar\/index.php?rest_route=%2Fwp%2Fv2%2Fcomments&post=988172"}],"version-history":[{"count":16,"href":"https:\/\/conargentina.com.ar\/index.php?rest_route=\/wp\/v2\/pages\/988172\/revisions"}],"predecessor-version":[{"id":988498,"href":"https:\/\/conargentina.com.ar\/index.php?rest_route=\/wp\/v2\/pages\/988172\/revisions\/988498"}],"wp:attachment":[{"href":"https:\/\/conargentina.com.ar\/index.php?rest_route=%2Fwp%2Fv2%2Fmedia&parent=988172"}],"curies":[{"name":"wp","href":"https:\/\/api.w.org\/{rel}","templated":true}]}}